{"id":9,"date":"2025-03-31T10:22:30","date_gmt":"2025-03-31T13:22:30","guid":{"rendered":"https:\/\/presiconeas.com\/?page_id=9"},"modified":"2025-06-06T09:40:42","modified_gmt":"2025-06-06T12:40:42","slug":"portada","status":"publish","type":"page","link":"https:\/\/presiconeas.com\/","title":{"rendered":"PRESICON EAS"},"content":{"rendered":"\n<div class=\"wp-block-media-text alignwide is-stacked-on-mobile has-accent-1-color has-text-color has-background has-link-color wp-elements-06791b9b11a8cadac4ea1f75087eac3f\" style=\"background-color:#285e8a\"><figure class=\"wp-block-media-text__media\"><img loading=\"lazy\" decoding=\"async\" width=\"1024\" height=\"1024\" src=\"https:\/\/presiconeas.com\/wp-content\/uploads\/2025\/03\/Presicon-Perfil-1-1024x1024.jpg\" alt=\"\" class=\"wp-image-23 size-full\" srcset=\"https:\/\/presiconeas.com\/wp-content\/uploads\/2025\/03\/Presicon-Perfil-1-1024x1024.jpg 1024w, https:\/\/presiconeas.com\/wp-content\/uploads\/2025\/03\/Presicon-Perfil-1-300x300.jpg 300w, https:\/\/presiconeas.com\/wp-content\/uploads\/2025\/03\/Presicon-Perfil-1-150x150.jpg 150w, https:\/\/presiconeas.com\/wp-content\/uploads\/2025\/03\/Presicon-Perfil-1-768x768.jpg 768w, https:\/\/presiconeas.com\/wp-content\/uploads\/2025\/03\/Presicon-Perfil-1.jpg 1080w\" sizes=\"auto, (max-width: 1024px) 100vw, 1024px\" \/><\/figure><div class=\"wp-block-media-text__content\">\n<div class=\"wp-block-group is-vertical is-content-justification-center is-layout-flex wp-container-core-group-is-layout-ce155fab wp-block-group-is-layout-flex\">\n<h2 class=\"wp-block-heading is-style-text-subtitle\">PRESICON<\/h2>\n<\/div>\n\n\n\n<h3 class=\"wp-block-heading has-text-align-center is-style-default has-xx-large-font-size\">Sitio en construcci\u00f3n<\/h3>\n\n\n\n<p class=\"has-text-align-center\">\u00a1Se viene algo nuevo!<\/p>\n\n\n\n<div class=\"wp-block-buttons is-content-justification-center is-layout-flex wp-container-core-buttons-is-layout-a89b3969 wp-block-buttons-is-layout-flex\">\n<div class=\"wp-block-button is-style-outline is-style-outline--1\"><a class=\"wp-block-button__link has-contrast-color has-accent-5-background-color has-text-color has-background has-link-color has-border-color has-accent-1-border-color has-small-font-size has-custom-font-size wp-element-button\" style=\"padding-top:var(--wp--preset--spacing--30);padding-right:var(--wp--preset--spacing--20);padding-bottom:var(--wp--preset--spacing--30);padding-left:var(--wp--preset--spacing--20)\">PRESICON EAS<\/a><\/div>\n<\/div>\n<\/div><\/div>\n\n\n\n<h2 class=\"wp-block-heading is-style-default\">Misi\u00f3n<\/h2>\n\n\n\n<p>Dise\u00f1ar y ejecutar soluciones de pesaje industrial y automatizaci\u00f3n de procesos mediante tecnolog\u00edas avanzadas y programaci\u00f3n de PLC, ofreciendo precisi\u00f3n, trazabilidad y eficiencia operativa.<br>Nos comprometemos con la calidad, la innovaci\u00f3n y un servicio t\u00e9cnico personalizado para optimizar la productividad de nuestros&nbsp;clientes.<\/p>\n\n\n\n<h2 class=\"wp-block-heading is-style-default\">Visi\u00f3n<\/h2>\n\n\n\n<p>Ser una empresa l\u00edder en el desarrollo e implementaci\u00f3n de sistemas de pesaje y automatizaci\u00f3n industrial, reconocida por su fiabilidad, innovaci\u00f3n tecnol\u00f3gica y compromiso con la mejora continua, la sustentabilidad y la excelencia&nbsp;operativa.<\/p>\n\n\n\n<h2 class=\"wp-block-heading\">Nuestros Valores<\/h2>\n\n\n\n<figure class=\"wp-block-table is-style-stripes\"><table class=\"has-background has-fixed-layout\" style=\"background-color:#83d2ea\"><tbody><tr><td>Precisi\u00f3n y fiabilidad<\/td><td class=\"has-text-align-center\" data-align=\"center\">Brindamos resultados exactos, robustos y consistentes en cada soluci\u00f3n implementada.<\/td><\/tr><tr><td>Innovaci\u00f3n continua<\/td><td class=\"has-text-align-center\" data-align=\"center\">Incorporamos tecnolog\u00eda de vanguardia para superar los desaf\u00edos industriales.<\/td><\/tr><tr><td>Compromiso profesional<\/td><td class=\"has-text-align-center\" data-align=\"center\">Acompa\u00f1amos a nuestros clientes con soluciones concretas, eficaces y a medida.<\/td><\/tr><tr><td>Calidad y seguridad<\/td><td class=\"has-text-align-center\" data-align=\"center\">Aseguramos el cumplimiento de normas y est\u00e1ndares t\u00e9cnicos en todos nuestros procesos<\/td><\/tr><tr><td>Orientaci\u00f3n al cliente<\/td><td class=\"has-text-align-center\" data-align=\"center\">Fomentamos relaciones basadas en la confianza, la cercan\u00eda y la personalizaci\u00f3n.<\/td><\/tr><tr><td>Responsabilidad y sutentabilidad<\/td><td class=\"has-text-align-center\" data-align=\"center\">Promovemos practicas eficientes y conscientes con el entorno.<\/td><\/tr><\/tbody><\/table><\/figure>\n\n\n\n<p><\/p>\n","protected":false},"excerpt":{"rendered":"<p>Misi\u00f3n Dise\u00f1ar y ejecutar soluciones de pesaje industrial y automatizaci\u00f3n de procesos mediante tecnolog\u00edas avanzadas y programaci\u00f3n de PLC, ofreciendo precisi\u00f3n, trazabilidad y eficiencia operativa.Nos comprometemos con la calidad, la innovaci\u00f3n y un servicio t\u00e9cnico personalizado para optimizar la productividad de nuestros&nbsp;clientes. Visi\u00f3n Ser una empresa l\u00edder en el desarrollo e implementaci\u00f3n de sistemas de [&hellip;]<\/p>\n","protected":false},"author":1,"featured_media":0,"parent":0,"menu_order":0,"comment_status":"closed","ping_status":"closed","template":"","meta":{"footnotes":""},"class_list":["post-9","page","type-page","status-publish","hentry"],"yoast_head":"<!-- This site is optimized with the Yoast SEO plugin v24.7 - https:\/\/yoast.com\/wordpress\/plugins\/seo\/ -->\n<title>PRESICON EAS - PRESICON EAS<\/title>\n<meta name=\"robots\" content=\"index, follow, max-snippet:-1, max-image-preview:large, max-video-preview:-1\" \/>\n<link rel=\"canonical\" href=\"https:\/\/presiconeas.com\/\" \/>\n<meta property=\"og:locale\" content=\"es_ES\" \/>\n<meta property=\"og:type\" content=\"article\" \/>\n<meta property=\"og:title\" content=\"PRESICON EAS - PRESICON EAS\" \/>\n<meta property=\"og:description\" content=\"Misi\u00f3n Dise\u00f1ar y ejecutar soluciones de pesaje industrial y automatizaci\u00f3n de procesos mediante tecnolog\u00edas avanzadas y programaci\u00f3n de PLC, ofreciendo precisi\u00f3n, trazabilidad y eficiencia operativa.Nos comprometemos con la calidad, la innovaci\u00f3n y un servicio t\u00e9cnico personalizado para optimizar la productividad de nuestros&nbsp;clientes. Visi\u00f3n Ser una empresa l\u00edder en el desarrollo e implementaci\u00f3n de sistemas de [&hellip;]\" \/>\n<meta property=\"og:url\" content=\"https:\/\/presiconeas.com\/\" \/>\n<meta property=\"og:site_name\" content=\"PRESICON EAS\" \/>\n<meta property=\"article:modified_time\" content=\"2025-06-06T12:40:42+00:00\" \/>\n<meta property=\"og:image\" content=\"https:\/\/presiconeas.com\/wp-content\/uploads\/2025\/03\/Presicon-Perfil-1.jpg\" \/>\n\t<meta property=\"og:image:width\" content=\"1080\" \/>\n\t<meta property=\"og:image:height\" content=\"1080\" \/>\n\t<meta property=\"og:image:type\" content=\"image\/jpeg\" \/>\n<meta name=\"twitter:card\" content=\"summary_large_image\" \/>\n<meta name=\"twitter:label1\" content=\"Tiempo de lectura\" \/>\n\t<meta name=\"twitter:data1\" content=\"1 minuto\" \/>\n<script type=\"application\/ld+json\" class=\"yoast-schema-graph\">{\"@context\":\"https:\/\/schema.org\",\"@graph\":[{\"@type\":\"WebPage\",\"@id\":\"https:\/\/presiconeas.com\/\",\"url\":\"https:\/\/presiconeas.com\/\",\"name\":\"PRESICON EAS - PRESICON EAS\",\"isPartOf\":{\"@id\":\"https:\/\/presiconeas.com\/#website\"},\"primaryImageOfPage\":{\"@id\":\"https:\/\/presiconeas.com\/#primaryimage\"},\"image\":{\"@id\":\"https:\/\/presiconeas.com\/#primaryimage\"},\"thumbnailUrl\":\"https:\/\/presiconeas.com\/wp-content\/uploads\/2025\/03\/Presicon-Perfil-1-1024x1024.jpg\",\"datePublished\":\"2025-03-31T13:22:30+00:00\",\"dateModified\":\"2025-06-06T12:40:42+00:00\",\"breadcrumb\":{\"@id\":\"https:\/\/presiconeas.com\/#breadcrumb\"},\"inLanguage\":\"es\",\"potentialAction\":[{\"@type\":\"ReadAction\",\"target\":[\"https:\/\/presiconeas.com\/\"]}]},{\"@type\":\"ImageObject\",\"inLanguage\":\"es\",\"@id\":\"https:\/\/presiconeas.com\/#primaryimage\",\"url\":\"https:\/\/presiconeas.com\/wp-content\/uploads\/2025\/03\/Presicon-Perfil-1.jpg\",\"contentUrl\":\"https:\/\/presiconeas.com\/wp-content\/uploads\/2025\/03\/Presicon-Perfil-1.jpg\",\"width\":1080,\"height\":1080},{\"@type\":\"BreadcrumbList\",\"@id\":\"https:\/\/presiconeas.com\/#breadcrumb\",\"itemListElement\":[{\"@type\":\"ListItem\",\"position\":1,\"name\":\"Portada\",\"item\":\"https:\/\/presiconeas.com\/\"},{\"@type\":\"ListItem\",\"position\":2,\"name\":\"PRESICON EAS\"}]},{\"@type\":\"WebSite\",\"@id\":\"https:\/\/presiconeas.com\/#website\",\"url\":\"https:\/\/presiconeas.com\/\",\"name\":\"PRESICON EAS\",\"description\":\"Automatizaci\u00f3n y pesaje industrial\",\"potentialAction\":[{\"@type\":\"SearchAction\",\"target\":{\"@type\":\"EntryPoint\",\"urlTemplate\":\"https:\/\/presiconeas.com\/?s={search_term_string}\"},\"query-input\":{\"@type\":\"PropertyValueSpecification\",\"valueRequired\":true,\"valueName\":\"search_term_string\"}}],\"inLanguage\":\"es\"}]}<\/script>\n<!-- \/ Yoast SEO plugin. -->","yoast_head_json":{"title":"PRESICON EAS - PRESICON EAS","robots":{"index":"index","follow":"follow","max-snippet":"max-snippet:-1","max-image-preview":"max-image-preview:large","max-video-preview":"max-video-preview:-1"},"canonical":"https:\/\/presiconeas.com\/","og_locale":"es_ES","og_type":"article","og_title":"PRESICON EAS - PRESICON EAS","og_description":"Misi\u00f3n Dise\u00f1ar y ejecutar soluciones de pesaje industrial y automatizaci\u00f3n de procesos mediante tecnolog\u00edas avanzadas y programaci\u00f3n de PLC, ofreciendo precisi\u00f3n, trazabilidad y eficiencia operativa.Nos comprometemos con la calidad, la innovaci\u00f3n y un servicio t\u00e9cnico personalizado para optimizar la productividad de nuestros&nbsp;clientes. Visi\u00f3n Ser una empresa l\u00edder en el desarrollo e implementaci\u00f3n de sistemas de [&hellip;]","og_url":"https:\/\/presiconeas.com\/","og_site_name":"PRESICON EAS","article_modified_time":"2025-06-06T12:40:42+00:00","og_image":[{"width":1080,"height":1080,"url":"https:\/\/presiconeas.com\/wp-content\/uploads\/2025\/03\/Presicon-Perfil-1.jpg","type":"image\/jpeg"}],"twitter_card":"summary_large_image","twitter_misc":{"Tiempo de lectura":"1 minuto"},"schema":{"@context":"https:\/\/schema.org","@graph":[{"@type":"WebPage","@id":"https:\/\/presiconeas.com\/","url":"https:\/\/presiconeas.com\/","name":"PRESICON EAS - PRESICON EAS","isPartOf":{"@id":"https:\/\/presiconeas.com\/#website"},"primaryImageOfPage":{"@id":"https:\/\/presiconeas.com\/#primaryimage"},"image":{"@id":"https:\/\/presiconeas.com\/#primaryimage"},"thumbnailUrl":"https:\/\/presiconeas.com\/wp-content\/uploads\/2025\/03\/Presicon-Perfil-1-1024x1024.jpg","datePublished":"2025-03-31T13:22:30+00:00","dateModified":"2025-06-06T12:40:42+00:00","breadcrumb":{"@id":"https:\/\/presiconeas.com\/#breadcrumb"},"inLanguage":"es","potentialAction":[{"@type":"ReadAction","target":["https:\/\/presiconeas.com\/"]}]},{"@type":"ImageObject","inLanguage":"es","@id":"https:\/\/presiconeas.com\/#primaryimage","url":"https:\/\/presiconeas.com\/wp-content\/uploads\/2025\/03\/Presicon-Perfil-1.jpg","contentUrl":"https:\/\/presiconeas.com\/wp-content\/uploads\/2025\/03\/Presicon-Perfil-1.jpg","width":1080,"height":1080},{"@type":"BreadcrumbList","@id":"https:\/\/presiconeas.com\/#breadcrumb","itemListElement":[{"@type":"ListItem","position":1,"name":"Portada","item":"https:\/\/presiconeas.com\/"},{"@type":"ListItem","position":2,"name":"PRESICON EAS"}]},{"@type":"WebSite","@id":"https:\/\/presiconeas.com\/#website","url":"https:\/\/presiconeas.com\/","name":"PRESICON EAS","description":"Automatizaci\u00f3n y pesaje industrial","potentialAction":[{"@type":"SearchAction","target":{"@type":"EntryPoint","urlTemplate":"https:\/\/presiconeas.com\/?s={search_term_string}"},"query-input":{"@type":"PropertyValueSpecification","valueRequired":true,"valueName":"search_term_string"}}],"inLanguage":"es"}]}},"_links":{"self":[{"href":"https:\/\/presiconeas.com\/index.php\/wp-json\/wp\/v2\/pages\/9","targetHints":{"allow":["GET"]}}],"collection":[{"href":"https:\/\/presiconeas.com\/index.php\/wp-json\/wp\/v2\/pages"}],"about":[{"href":"https:\/\/presiconeas.com\/index.php\/wp-json\/wp\/v2\/types\/page"}],"author":[{"embeddable":true,"href":"https:\/\/presiconeas.com\/index.php\/wp-json\/wp\/v2\/users\/1"}],"replies":[{"embeddable":true,"href":"https:\/\/presiconeas.com\/index.php\/wp-json\/wp\/v2\/comments?post=9"}],"version-history":[{"count":9,"href":"https:\/\/presiconeas.com\/index.php\/wp-json\/wp\/v2\/pages\/9\/revisions"}],"predecessor-version":[{"id":38,"href":"https:\/\/presiconeas.com\/index.php\/wp-json\/wp\/v2\/pages\/9\/revisions\/38"}],"wp:attachment":[{"href":"https:\/\/presiconeas.com\/index.php\/wp-json\/wp\/v2\/media?parent=9"}],"curies":[{"name":"wp","href":"https:\/\/api.w.org\/{rel}","templated":true}]}}